{"id":396,"date":"2018-12-14T07:20:48","date_gmt":"2018-12-14T06:20:48","guid":{"rendered":"http:\/\/builderry.webgeniuslab.net\/?page_id=396"},"modified":"2022-11-22T16:54:08","modified_gmt":"2022-11-22T15:54:08","slug":"company","status":"publish","type":"page","link":"https:\/\/www.ifa.se\/en\/company\/","title":{"rendered":"The company"},"content":{"rendered":"<section class=\"wpb-content-wrapper\">[vc_row css=&#8221;.vc_custom_1552319563950{margin-top: -40px !important;}&#8221;][vc_column][rev_slider_vc alias=&#8221;om-foretaget&#8221;][\/vc_column][\/vc_row][vc_row css=&#8221;.vc_custom_1552319714650{margin-top: 50px !important;}&#8221;][vc_column width=&#8221;1\/2&#8243; offset=&#8221;vc_col-lg-6 vc_col-md-6&#8243;][wgl_image_layers values=&#8221;%5B%7B%22thumbnail%22%3A%221410%22%2C%22image_animation%22%3A%22slide_up%22%2C%22image_order%22%3A%221%22%7D%5D&#8221;][wgl_spacing spacer_size=&#8221;30px&#8221;][\/vc_column][vc_column width=&#8221;1\/2&#8243; offset=&#8221;vc_col-lg-6 vc_col-md-6&#8243;][wgl_double_headings title_color=&#8221;#01ff01&#8243; subtitle_color=&#8221;#0ced0c&#8221; title=&#8221;Ifa&#8221; custom_title_color=&#8221;true&#8221;][wgl_spacing spacer_size=&#8221;22&#8243;][vc_column_text]Ifa International AB is a consulting company founded in 1988 by a group of researchers from the Royal Institute of Technology in Stockholm with the focus on organization, work environment and production development.<\/p>\n<p>Gunnar Broms who is one of the founders and today the only owner of the company has a long and varied experience of industrial planning and production development projects for among others the mining, steel industry and paper and pulp industry, in Sweden and abroad.[\/vc_column_text][wgl_spacing spacer_size=&#8221;20px&#8221;][\/vc_column][\/vc_row][vc_row full_width=&#8221;stretch_row&#8221; css=&#8221;.vc_custom_1552753829722{background-color: #f7f7f7 !important;}&#8221;][vc_column width=&#8221;1\/2&#8243;][wgl_double_headings title_color=&#8221;#01ff01&#8243; subtitle_color=&#8221;#0ced0c&#8221; title=&#8221;Competence&#8221; custom_title_color=&#8221;true&#8221;][wgl_spacing spacer_size=&#8221;22&#8243;][vc_column_text]\n<p class=\"plain-ingress\">Ifa with its network of experts, offers competence in the field of production development, work organization, logistics, workplace design and architecture. Ifa covers the whole process, from problem analysis to strategic development, and hand-holds clients through the idea phase, development, implementation and subsequent monitoring. It is inevitable that, owing to the success of the projects Ifa invariably is invited for the next phase of improvement projects.<\/p>\n[\/vc_column_text][wgl_spacing spacer_size=&#8221;30px&#8221;][vc_column_text]Ifa has, throughout the years, established a unique network of senior consultants both in Sweden and abroad. Based on this network tailormade project teams are formed, depending on the assignment.[\/vc_column_text][\/vc_column][vc_column width=&#8221;1\/2&#8243;][vc_single_image image=&#8221;1192&#8243; img_size=&#8221;full&#8221;][\/vc_column][\/vc_row][vc_row full_width=&#8221;stretch_row&#8221; z_index=&#8221;2&#8243; css=&#8221;.vc_custom_1550423670703{background-color: #ffffff !important;}&#8221;][vc_column][wgl_double_headings align=&#8221;center&#8221; title_color=&#8221;#01ff01&#8243; subtitle_color=&#8221;#0ced0c&#8221; title=&#8221;Our clients&#8221; custom_title_color=&#8221;true&#8221;][wgl_spacing spacer_size=&#8221;30px&#8221;][\/vc_column][vc_column css=&#8221;.vc_custom_1550423769947{background-color: #f7f7f7 !important;}&#8221;][wgl_clients item_grid=&#8221;6&#8243; item_anim=&#8221;grayscale&#8221; values=&#8221;%5B%7B%22thumbnail%22%3A%221050%22%2C%22add_link%22%3A%22true%22%2C%22link%22%3A%22url%3Ahttps%253A%252F%252Fwww.smurfitkappa.com%252FvHome%252Fse%7C%7Ctarget%3A%2520_blank%7C%22%7D%2C%7B%22thumbnail%22%3A%22947%22%2C%22add_link%22%3A%22true%22%2C%22link%22%3A%22url%3Ahttps%253A%252F%252Fwww.volvogroup.se%252F%7C%7Ctarget%3A%2520_blank%7C%22%7D%2C%7B%22thumbnail%22%3A%22946%22%2C%22add_link%22%3A%22true%22%2C%22link%22%3A%22url%3Ahttps%253A%252F%252Fwww.vattenfall.se%252F%7C%7Ctarget%3A%2520_blank%7C%22%7D%2C%7B%22thumbnail%22%3A%22945%22%2C%22add_link%22%3A%22true%22%2C%22link%22%3A%22url%3Ahttps%253A%252F%252Fwww.storaenso.com%252Fen%7C%7Ctarget%3A%2520_blank%7C%22%7D%2C%7B%22thumbnail%22%3A%22944%22%2C%22add_link%22%3A%22true%22%2C%22link%22%3A%22url%3Ahttps%253A%252F%252Fwww.ssab.se%252F%7C%7Ctarget%3A%2520_blank%7C%22%7D%2C%7B%22thumbnail%22%3A%22943%22%2C%22add_link%22%3A%22true%22%2C%22link%22%3A%22url%3Ahttps%253A%252F%252Fwww.sodra.com%252Fsv%252F%7C%7Ctarget%3A%2520_blank%7C%22%7D%2C%7B%22thumbnail%22%3A%22942%22%2C%22add_link%22%3A%22true%22%2C%22link%22%3A%22url%3Ahttps%253A%252F%252Fwww.home.sandvik%252Fse%252F%7C%7Ctarget%3A%2520_blank%7C%22%7D%2C%7B%22thumbnail%22%3A%22941%22%2C%22add_link%22%3A%22true%22%2C%22link%22%3A%22url%3Ahttp%253A%252F%252Fwww.rottneros.se%252F%7C%7Ctarget%3A%2520_blank%7C%22%7D%2C%7B%22thumbnail%22%3A%22940%22%2C%22add_link%22%3A%22true%22%2C%22link%22%3A%22url%3Ahttps%253A%252F%252Fwww.preem.se%252F%7C%7Ctarget%3A%2520_blank%7C%22%7D%2C%7B%22thumbnail%22%3A%22939%22%2C%22add_link%22%3A%22true%22%2C%22link%22%3A%22url%3Ahttps%253A%252F%252Fwww.outokumpu.com%252F%7C%7Ctarget%3A%2520_blank%7C%22%7D%2C%7B%22thumbnail%22%3A%22938%22%2C%22add_link%22%3A%22true%22%2C%22link%22%3A%22url%3Ahttps%253A%252F%252Fwww.lkab.com%252Fsv%252F%7C%7Ctarget%3A%2520_blank%7C%22%7D%2C%7B%22thumbnail%22%3A%22936%22%2C%22add_link%22%3A%22true%22%2C%22link%22%3A%22url%3Ahttps%253A%252F%252Fwww.holmen.com%252F%7C%7Ctarget%3A%2520_blank%7C%22%7D%2C%7B%22thumbnail%22%3A%22935%22%2C%22add_link%22%3A%22true%22%2C%22link%22%3A%22url%3Ahttp%253A%252F%252Fwww.gryaab.se%252F%7C%7Ctarget%3A%2520_blank%7C%22%7D%2C%7B%22thumbnail%22%3A%22934%22%2C%22add_link%22%3A%22true%22%2C%22link%22%3A%22url%3Ahttps%253A%252F%252Fwww.borealisgroup.com%252Fstenungsund%7C%7Ctarget%3A%2520_blank%7C%22%7D%2C%7B%22thumbnail%22%3A%22933%22%2C%22add_link%22%3A%22true%22%2C%22link%22%3A%22url%3Ahttps%253A%252F%252Fwww.boliden.com%252Fsv%7C%7Ctarget%3A%2520_blank%7C%22%7D%2C%7B%22thumbnail%22%3A%22932%22%2C%22add_link%22%3A%22true%22%2C%22link%22%3A%22url%3Ahttps%253A%252F%252Fwww.billerudkorsnas.se%252F%7C%7Ctarget%3A%2520_blank%7C%22%7D%2C%7B%22thumbnail%22%3A%22931%22%2C%22add_link%22%3A%22true%22%2C%22link%22%3A%22url%3Ahttp%253A%252F%252Fkraton.com%252F%7C%7Ctarget%3A%2520_blank%7C%22%7D%5D&#8221; use_carousel=&#8221;true&#8221; autoplay=&#8221;true&#8221;][wgl_spacing spacer_size=&#8221;11&#8243;][\/vc_column][vc_column][wgl_spacing spacer_size=&#8221;30px&#8221;][\/vc_column][vc_column][vc_row_inner disable_element=&#8221;yes&#8221;][vc_column_inner][wgl_double_headings align=&#8221;center&#8221; title_color=&#8221;#01ff01&#8243; subtitle_color=&#8221;#0ced0c&#8221; title=&#8221;V\u00e5rt n\u00e4tverk av medarbetare&#8221; custom_title_color=&#8221;true&#8221;][wgl_spacing spacer_size=&#8221;30px&#8221;][vc_column_text]<span>Ifa som \u00e4gs och drivs av Gunnar Broms, civ. ing, och P\u00e4r Lindahl, industridesigner, har ett n\u00e4tverk av medarbetare med l\u00e5ng erfarenhet av f\u00f6r\u00e4ndringsarbete inom industrin. Med denna samlade kompetens formar vi projektgrupper f\u00f6r varje uppdrag.<\/span>[\/vc_column_text][wgl_spacing spacer_size=&#8221;100px&#8221;][\/vc_column_inner][\/vc_row_inner][\/vc_column][\/vc_row]\n<\/section>","protected":false},"excerpt":{"rendered":"<p>[vc_row css=&#8221;.vc_custom_1552319563950{margin-top: -40px !important;}&#8221;][vc_column][rev_slider_vc alias=&#8221;om-foretaget&#8221;][\/vc_column][\/vc_row][vc_row css=&#8221;.vc_custom_1552319714650{margin-top: 50px !important;}&#8221;][vc_column width=&#8221;1\/2&#8243; offset=&#8221;vc_col-lg-6 vc_col-md-6&#8243;][wgl_image_layers values=&#8221;%5B%7B%22thumbnail%22%3A%221410%22%2C%22image_animation%22%3A%22slide_up%22%2C%22image_order%22%3A%221%22%7D%5D&#8221;][wgl_spacing spacer_size=&#8221;30px&#8221;][\/vc_column][vc_column width=&#8221;1\/2&#8243; offset=&#8221;vc_col-lg-6 vc_col-md-6&#8243;][wgl_double_headings title_color=&#8221;#01ff01&#8243; subtitle_color=&#8221;#0ced0c&#8221; title=&#8221;Ifa&#8221; custom_title_color=&#8221;true&#8221;][wgl_spacing spacer_size=&#8221;22&#8243;][vc_column_text]Ifa International AB is a consulting company founded in 1988 by a group of researchers from the Royal Institute of Technology in Stockholm with the focus on organization, work environment and production development. Gunnar Broms [&hellip;]<\/p>\n","protected":false},"author":1,"featured_media":0,"parent":0,"menu_order":0,"comment_status":"closed","ping_status":"closed","template":"","meta":[],"yoast_head":"<!-- This site is optimized with the Yoast SEO plugin v19.10 - https:\/\/yoast.com\/wordpress\/plugins\/seo\/ -->\n<title>The company - Ifa International AB<\/title>\n<meta name=\"description\" content=\"We have long and varied experience of industrial planning and production development projects for among others the mining, steel industry and paper and pulp industry, in Sweden and abroad.\" \/>\n<meta name=\"robots\" content=\"index, follow, max-snippet:-1, max-image-preview:large, max-video-preview:-1\" \/>\n<link rel=\"canonical\" href=\"https:\/\/www.ifa.se\/en\/company\/\" \/>\n<meta property=\"og:locale\" content=\"en_US\" \/>\n<meta property=\"og:type\" content=\"article\" \/>\n<meta property=\"og:title\" content=\"The company - Ifa International AB\" \/>\n<meta property=\"og:description\" content=\"We have long and varied experience of industrial planning and production development projects for among others the mining, steel industry and paper and pulp industry, in Sweden and abroad.\" \/>\n<meta property=\"og:url\" content=\"https:\/\/www.ifa.se\/en\/company\/\" \/>\n<meta property=\"og:site_name\" content=\"Ifa International AB\" \/>\n<meta property=\"article:modified_time\" content=\"2022-11-22T15:54:08+00:00\" \/>\n<meta name=\"twitter:label1\" content=\"Est. reading time\" \/>\n\t<meta name=\"twitter:data1\" content=\"2 minutes\" \/>\n<script type=\"application\/ld+json\" class=\"yoast-schema-graph\">{\"@context\":\"https:\/\/schema.org\",\"@graph\":[{\"@type\":\"WebPage\",\"@id\":\"https:\/\/www.ifa.se\/en\/company\/\",\"url\":\"https:\/\/www.ifa.se\/en\/company\/\",\"name\":\"The company - Ifa International AB\",\"isPartOf\":{\"@id\":\"https:\/\/www.ifa.se\/en\/#website\"},\"datePublished\":\"2018-12-14T06:20:48+00:00\",\"dateModified\":\"2022-11-22T15:54:08+00:00\",\"description\":\"We have long and varied experience of industrial planning and production development projects for among others the mining, steel industry and paper and pulp industry, in Sweden and abroad.\",\"breadcrumb\":{\"@id\":\"https:\/\/www.ifa.se\/en\/company\/#breadcrumb\"},\"inLanguage\":\"en-US\",\"potentialAction\":[{\"@type\":\"ReadAction\",\"target\":[\"https:\/\/www.ifa.se\/en\/company\/\"]}]},{\"@type\":\"BreadcrumbList\",\"@id\":\"https:\/\/www.ifa.se\/en\/company\/#breadcrumb\",\"itemListElement\":[{\"@type\":\"ListItem\",\"position\":1,\"name\":\"Home\",\"item\":\"https:\/\/www.ifa.se\/en\/\"},{\"@type\":\"ListItem\",\"position\":2,\"name\":\"The company\"}]},{\"@type\":\"WebSite\",\"@id\":\"https:\/\/www.ifa.se\/en\/#website\",\"url\":\"https:\/\/www.ifa.se\/en\/\",\"name\":\"Ifa International AB\",\"description\":\"\",\"potentialAction\":[{\"@type\":\"SearchAction\",\"target\":{\"@type\":\"EntryPoint\",\"urlTemplate\":\"https:\/\/www.ifa.se\/en\/?s={search_term_string}\"},\"query-input\":\"required name=search_term_string\"}],\"inLanguage\":\"en-US\"}]}<\/script>\n<!-- \/ Yoast SEO plugin. -->","yoast_head_json":{"title":"The company - Ifa International AB","description":"We have long and varied experience of industrial planning and production development projects for among others the mining, steel industry and paper and pulp industry, in Sweden and abroad.","robots":{"index":"index","follow":"follow","max-snippet":"max-snippet:-1","max-image-preview":"max-image-preview:large","max-video-preview":"max-video-preview:-1"},"canonical":"https:\/\/www.ifa.se\/en\/company\/","og_locale":"en_US","og_type":"article","og_title":"The company - Ifa International AB","og_description":"We have long and varied experience of industrial planning and production development projects for among others the mining, steel industry and paper and pulp industry, in Sweden and abroad.","og_url":"https:\/\/www.ifa.se\/en\/company\/","og_site_name":"Ifa International AB","article_modified_time":"2022-11-22T15:54:08+00:00","twitter_misc":{"Est. reading time":"2 minutes"},"schema":{"@context":"https:\/\/schema.org","@graph":[{"@type":"WebPage","@id":"https:\/\/www.ifa.se\/en\/company\/","url":"https:\/\/www.ifa.se\/en\/company\/","name":"The company - Ifa International AB","isPartOf":{"@id":"https:\/\/www.ifa.se\/en\/#website"},"datePublished":"2018-12-14T06:20:48+00:00","dateModified":"2022-11-22T15:54:08+00:00","description":"We have long and varied experience of industrial planning and production development projects for among others the mining, steel industry and paper and pulp industry, in Sweden and abroad.","breadcrumb":{"@id":"https:\/\/www.ifa.se\/en\/company\/#breadcrumb"},"inLanguage":"en-US","potentialAction":[{"@type":"ReadAction","target":["https:\/\/www.ifa.se\/en\/company\/"]}]},{"@type":"BreadcrumbList","@id":"https:\/\/www.ifa.se\/en\/company\/#breadcrumb","itemListElement":[{"@type":"ListItem","position":1,"name":"Home","item":"https:\/\/www.ifa.se\/en\/"},{"@type":"ListItem","position":2,"name":"The company"}]},{"@type":"WebSite","@id":"https:\/\/www.ifa.se\/en\/#website","url":"https:\/\/www.ifa.se\/en\/","name":"Ifa International AB","description":"","potentialAction":[{"@type":"SearchAction","target":{"@type":"EntryPoint","urlTemplate":"https:\/\/www.ifa.se\/en\/?s={search_term_string}"},"query-input":"required name=search_term_string"}],"inLanguage":"en-US"}]}},"_links":{"self":[{"href":"https:\/\/www.ifa.se\/en\/wp-json\/wp\/v2\/pages\/396"}],"collection":[{"href":"https:\/\/www.ifa.se\/en\/wp-json\/wp\/v2\/pages"}],"about":[{"href":"https:\/\/www.ifa.se\/en\/wp-json\/wp\/v2\/types\/page"}],"author":[{"embeddable":true,"href":"https:\/\/www.ifa.se\/en\/wp-json\/wp\/v2\/users\/1"}],"replies":[{"embeddable":true,"href":"https:\/\/www.ifa.se\/en\/wp-json\/wp\/v2\/comments?post=396"}],"version-history":[{"count":72,"href":"https:\/\/www.ifa.se\/en\/wp-json\/wp\/v2\/pages\/396\/revisions"}],"predecessor-version":[{"id":1585,"href":"https:\/\/www.ifa.se\/en\/wp-json\/wp\/v2\/pages\/396\/revisions\/1585"}],"wp:attachment":[{"href":"https:\/\/www.ifa.se\/en\/wp-json\/wp\/v2\/media?parent=396"}],"curies":[{"name":"wp","href":"https:\/\/api.w.org\/{rel}","templated":true}]}}